{"id":2403,"date":"2023-05-12T10:22:30","date_gmt":"2023-05-12T14:22:30","guid":{"rendered":"https:\/\/okapya.com\/blog\/"},"modified":"2023-07-13T13:34:09","modified_gmt":"2023-07-13T17:34:09","slug":"blog","status":"publish","type":"page","link":"https:\/\/okapya.com\/fr\/blog\/","title":{"rendered":"Blog"},"content":{"rendered":"\t\t<div data-elementor-type=\"wp-page\" data-elementor-id=\"2403\" class=\"elementor elementor-2403 elementor-188\" data-elementor-post-type=\"page\">\n\t\t\t\t\t\t<section class=\"elementor-section elementor-top-section elementor-element elementor-element-810e23d elementor-section-boxed elementor-section-height-default elementor-section-height-default qodef-elementor-content-no\" data-id=\"810e23d\" data-element_type=\"section\" data-e-type=\"section\" data-settings=\"{&quot;background_background&quot;:&quot;classic&quot;}\">\n\t\t\t\t\t\t<div class=\"elementor-container elementor-column-gap-default\">\n\t\t\t\t\t<div class=\"elementor-column elementor-col-100 elementor-top-column elementor-element elementor-element-01754fd qodef-sticky-column--no\" data-id=\"01754fd\" data-element_type=\"column\" data-e-type=\"column\">\n\t\t\t<div class=\"elementor-widget-wrap elementor-element-populated\">\n\t\t\t\t\t\t<section class=\"elementor-section elementor-inner-section elementor-element elementor-element-70f1a7e elementor-section-boxed elementor-section-height-default elementor-section-height-default qodef-elementor-content-no\" data-id=\"70f1a7e\" data-element_type=\"section\" data-e-type=\"section\">\n\t\t\t\t\t\t<div class=\"elementor-container elementor-column-gap-default\">\n\t\t\t\t\t<div class=\"elementor-column elementor-col-100 elementor-inner-column elementor-element elementor-element-8e0631f qodef-sticky-column--no\" data-id=\"8e0631f\" data-element_type=\"column\" data-e-type=\"column\">\n\t\t\t<div class=\"elementor-widget-wrap elementor-element-populated\">\n\t\t\t\t\t\t<div class=\"elementor-element elementor-element-9dd3f1f elementor-widget elementor-widget-heading\" data-id=\"9dd3f1f\" data-element_type=\"widget\" data-e-type=\"widget\" data-widget_type=\"heading.default\">\n\t\t\t\t<div class=\"elementor-widget-container\">\n\t\t\t\t\t<h1 class=\"elementor-heading-title elementor-size-default\">Notre blog<\/h1>\t\t\t\t<\/div>\n\t\t\t\t<\/div>\n\t\t\t\t\t<\/div>\n\t\t<\/div>\n\t\t\t\t\t<\/div>\n\t\t<\/section>\n\t\t\t\t<section class=\"elementor-section elementor-inner-section elementor-element elementor-element-3f4b80b elementor-section-boxed elementor-section-height-default elementor-section-height-default qodef-elementor-content-no\" data-id=\"3f4b80b\" data-element_type=\"section\" data-e-type=\"section\">\n\t\t\t\t\t\t<div class=\"elementor-container elementor-column-gap-default\">\n\t\t\t\t\t<div class=\"elementor-column elementor-col-100 elementor-inner-column elementor-element elementor-element-548f9b0 qodef-sticky-column--no\" data-id=\"548f9b0\" data-element_type=\"column\" data-e-type=\"column\">\n\t\t\t<div class=\"elementor-widget-wrap elementor-element-populated\">\n\t\t\t\t\t\t<div class=\"elementor-element elementor-element-8a0cffc elementor-widget elementor-widget-heading\" data-id=\"8a0cffc\" data-element_type=\"widget\" data-e-type=\"widget\" data-widget_type=\"heading.default\">\n\t\t\t\t<div class=\"elementor-widget-container\">\n\t\t\t\t\t<h1 class=\"elementor-heading-title elementor-size-default\">Les derni\u00e8res news, les derniers tutos, trucs et astuces... et bien plus encore !<\/h1>\t\t\t\t<\/div>\n\t\t\t\t<\/div>\n\t\t\t\t\t<\/div>\n\t\t<\/div>\n\t\t\t\t\t<\/div>\n\t\t<\/section>\n\t\t\t\t\t<\/div>\n\t\t<\/div>\n\t\t\t\t\t<\/div>\n\t\t<\/section>\n\t\t\t\t<section class=\"elementor-section elementor-top-section elementor-element elementor-element-2900054 elementor-section-boxed elementor-section-height-default elementor-section-height-default qodef-elementor-content-no\" data-id=\"2900054\" data-element_type=\"section\" data-e-type=\"section\" data-settings=\"{&quot;background_background&quot;:&quot;classic&quot;}\">\n\t\t\t\t\t\t<div class=\"elementor-container elementor-column-gap-default\">\n\t\t\t\t\t<div class=\"elementor-column elementor-col-100 elementor-top-column elementor-element elementor-element-e894335 qodef-sticky-column--no\" data-id=\"e894335\" data-element_type=\"column\" data-e-type=\"column\">\n\t\t\t<div class=\"elementor-widget-wrap elementor-element-populated\">\n\t\t\t\t\t\t<div class=\"elementor-element elementor-element-cf499e1 uael-equal__height-yes elementor-widget elementor-widget-uael-posts\" data-id=\"cf499e1\" data-element_type=\"widget\" data-e-type=\"widget\" data-settings=\"{&quot;classic_slides_to_show&quot;:3,&quot;classic_slides_to_show_tablet&quot;:2,&quot;classic_slides_to_show_mobile&quot;:1,&quot;classic_show_filters&quot;:&quot;no&quot;}\" data-widget_type=\"uael-posts.classic\">\n\t\t\t\t<div class=\"elementor-widget-container\">\n\t\t\t\t\t\t\t<div class=\"uael-post__grid-empty\">\n\t\t\t<p>D\u00e9sol\u00e9, nous n'avons trouv\u00e9 aucune publication. S'il vous pla\u00eet, essayez une recherche diff\u00e9rente.<\/p>\n\t\t\t\t\t<\/div>\n\t\t\t\t\t\t<\/div>\n\t\t\t\t<\/div>\n\t\t\t\t\t<\/div>\n\t\t<\/div>\n\t\t\t\t\t<\/div>\n\t\t<\/section>\n\t\t\t\t<\/div>\n\t\t","protected":false},"excerpt":{"rendered":"<p>Notre blog Les derni\u00e8res news, les derniers tutos, trucs et astuces&#8230; et bien plus encore ! Use Case Building \u201cDefinition of Done\u201d and \u201cAcceptance Criteria\u201d lists in JIRA\u200b Yves 12 May 2023 In Agile methodologies, specifically Scrum, Definition of Done (DoD) and Acceptance Criteria (AC) lists are very important concepts. They connect what the product [&hellip;]<\/p>\n","protected":false},"author":7,"featured_media":0,"parent":0,"menu_order":0,"comment_status":"closed","ping_status":"closed","template":"","meta":{"content-type":"","footnotes":""},"class_list":["post-2403","page","type-page","status-publish","hentry"],"yoast_head":"<!-- This site is optimized with the Yoast SEO plugin v27.5 - https:\/\/yoast.com\/product\/yoast-seo-wordpress\/ -->\n<title>Blog - Okapya<\/title>\n<meta name=\"description\" content=\"Les derni\u00e8res news, les derniers tutos, trucs et astuces... et bien plus encore !\" \/>\n<meta name=\"robots\" content=\"index, follow, max-snippet:-1, max-image-preview:large, max-video-preview:-1\" \/>\n<link rel=\"canonical\" href=\"https:\/\/okapya.com\/fr\/blog\/\" \/>\n<meta property=\"og:locale\" content=\"fr_FR\" \/>\n<meta property=\"og:type\" content=\"article\" \/>\n<meta property=\"og:title\" content=\"Blog - Okapya\" \/>\n<meta property=\"og:description\" content=\"Les derni\u00e8res news, les derniers tutos, trucs et astuces... et bien plus encore !\" \/>\n<meta property=\"og:url\" content=\"https:\/\/okapya.com\/fr\/blog\/\" \/>\n<meta property=\"og:site_name\" content=\"Okapya\" \/>\n<meta property=\"article:modified_time\" content=\"2023-07-13T17:34:09+00:00\" \/>\n<meta property=\"og:image\" content=\"https:\/\/okapya.com\/wp-content\/uploads\/2023\/05\/Image-1.svg\" \/>\n<meta name=\"twitter:card\" content=\"summary_large_image\" \/>\n<meta name=\"twitter:label1\" content=\"Dur\u00e9e de lecture estim\u00e9e\" \/>\n\t<meta name=\"twitter:data1\" content=\"1 minute\" \/>\n<script type=\"application\/ld+json\" class=\"yoast-schema-graph\">{\"@context\":\"https:\\\/\\\/schema.org\",\"@graph\":[{\"@type\":\"WebPage\",\"@id\":\"https:\\\/\\\/okapya.com\\\/fr\\\/blog\\\/\",\"url\":\"https:\\\/\\\/okapya.com\\\/fr\\\/blog\\\/\",\"name\":\"Blog - Okapya\",\"isPartOf\":{\"@id\":\"https:\\\/\\\/okapya.com\\\/#website\"},\"primaryImageOfPage\":{\"@id\":\"https:\\\/\\\/okapya.com\\\/fr\\\/blog\\\/#primaryimage\"},\"image\":{\"@id\":\"https:\\\/\\\/okapya.com\\\/fr\\\/blog\\\/#primaryimage\"},\"thumbnailUrl\":\"https:\\\/\\\/okapya.com\\\/wp-content\\\/uploads\\\/2023\\\/05\\\/Image-1.svg\",\"datePublished\":\"2023-05-12T14:22:30+00:00\",\"dateModified\":\"2023-07-13T17:34:09+00:00\",\"description\":\"Les derni\u00e8res news, les derniers tutos, trucs et astuces... et bien plus encore !\",\"breadcrumb\":{\"@id\":\"https:\\\/\\\/okapya.com\\\/fr\\\/blog\\\/#breadcrumb\"},\"inLanguage\":\"fr-FR\",\"potentialAction\":[{\"@type\":\"ReadAction\",\"target\":[\"https:\\\/\\\/okapya.com\\\/fr\\\/blog\\\/\"]}]},{\"@type\":\"ImageObject\",\"inLanguage\":\"fr-FR\",\"@id\":\"https:\\\/\\\/okapya.com\\\/fr\\\/blog\\\/#primaryimage\",\"url\":\"https:\\\/\\\/okapya.com\\\/wp-content\\\/uploads\\\/2023\\\/05\\\/Image-1.svg\",\"contentUrl\":\"https:\\\/\\\/okapya.com\\\/wp-content\\\/uploads\\\/2023\\\/05\\\/Image-1.svg\"},{\"@type\":\"BreadcrumbList\",\"@id\":\"https:\\\/\\\/okapya.com\\\/fr\\\/blog\\\/#breadcrumb\",\"itemListElement\":[{\"@type\":\"ListItem\",\"position\":1,\"name\":\"Home\",\"item\":\"https:\\\/\\\/okapya.com\\\/fr\\\/\"},{\"@type\":\"ListItem\",\"position\":2,\"name\":\"Blog\"}]},{\"@type\":\"WebSite\",\"@id\":\"https:\\\/\\\/okapya.com\\\/#website\",\"url\":\"https:\\\/\\\/okapya.com\\\/\",\"name\":\"Okapya\",\"description\":\"Free up your time\",\"publisher\":{\"@id\":\"https:\\\/\\\/okapya.com\\\/#organization\"},\"potentialAction\":[{\"@type\":\"SearchAction\",\"target\":{\"@type\":\"EntryPoint\",\"urlTemplate\":\"https:\\\/\\\/okapya.com\\\/?s={search_term_string}\"},\"query-input\":{\"@type\":\"PropertyValueSpecification\",\"valueRequired\":true,\"valueName\":\"search_term_string\"}}],\"inLanguage\":\"fr-FR\"},{\"@type\":\"Organization\",\"@id\":\"https:\\\/\\\/okapya.com\\\/#organization\",\"name\":\"Okapya\",\"url\":\"https:\\\/\\\/okapya.com\\\/\",\"logo\":{\"@type\":\"ImageObject\",\"inLanguage\":\"fr-FR\",\"@id\":\"https:\\\/\\\/okapya.com\\\/#\\\/schema\\\/logo\\\/image\\\/\",\"url\":\"https:\\\/\\\/okapya.com\\\/wp-content\\\/uploads\\\/2023\\\/05\\\/logo-white-font.svg\",\"contentUrl\":\"https:\\\/\\\/okapya.com\\\/wp-content\\\/uploads\\\/2023\\\/05\\\/logo-white-font.svg\",\"width\":163.888,\"height\":45.316,\"caption\":\"Okapya\"},\"image\":{\"@id\":\"https:\\\/\\\/okapya.com\\\/#\\\/schema\\\/logo\\\/image\\\/\"}}]}<\/script>\n<!-- \/ Yoast SEO plugin. -->","yoast_head_json":{"title":"Blog - Okapya","description":"Les derni\u00e8res news, les derniers tutos, trucs et astuces... et bien plus encore !","robots":{"index":"index","follow":"follow","max-snippet":"max-snippet:-1","max-image-preview":"max-image-preview:large","max-video-preview":"max-video-preview:-1"},"canonical":"https:\/\/okapya.com\/fr\/blog\/","og_locale":"fr_FR","og_type":"article","og_title":"Blog - Okapya","og_description":"Les derni\u00e8res news, les derniers tutos, trucs et astuces... et bien plus encore !","og_url":"https:\/\/okapya.com\/fr\/blog\/","og_site_name":"Okapya","article_modified_time":"2023-07-13T17:34:09+00:00","og_image":[{"url":"https:\/\/okapya.com\/wp-content\/uploads\/2023\/05\/Image-1.svg","type":"","width":"","height":""}],"twitter_card":"summary_large_image","twitter_misc":{"Dur\u00e9e de lecture estim\u00e9e":"1 minute"},"schema":{"@context":"https:\/\/schema.org","@graph":[{"@type":"WebPage","@id":"https:\/\/okapya.com\/fr\/blog\/","url":"https:\/\/okapya.com\/fr\/blog\/","name":"Blog - Okapya","isPartOf":{"@id":"https:\/\/okapya.com\/#website"},"primaryImageOfPage":{"@id":"https:\/\/okapya.com\/fr\/blog\/#primaryimage"},"image":{"@id":"https:\/\/okapya.com\/fr\/blog\/#primaryimage"},"thumbnailUrl":"https:\/\/okapya.com\/wp-content\/uploads\/2023\/05\/Image-1.svg","datePublished":"2023-05-12T14:22:30+00:00","dateModified":"2023-07-13T17:34:09+00:00","description":"Les derni\u00e8res news, les derniers tutos, trucs et astuces... et bien plus encore !","breadcrumb":{"@id":"https:\/\/okapya.com\/fr\/blog\/#breadcrumb"},"inLanguage":"fr-FR","potentialAction":[{"@type":"ReadAction","target":["https:\/\/okapya.com\/fr\/blog\/"]}]},{"@type":"ImageObject","inLanguage":"fr-FR","@id":"https:\/\/okapya.com\/fr\/blog\/#primaryimage","url":"https:\/\/okapya.com\/wp-content\/uploads\/2023\/05\/Image-1.svg","contentUrl":"https:\/\/okapya.com\/wp-content\/uploads\/2023\/05\/Image-1.svg"},{"@type":"BreadcrumbList","@id":"https:\/\/okapya.com\/fr\/blog\/#breadcrumb","itemListElement":[{"@type":"ListItem","position":1,"name":"Home","item":"https:\/\/okapya.com\/fr\/"},{"@type":"ListItem","position":2,"name":"Blog"}]},{"@type":"WebSite","@id":"https:\/\/okapya.com\/#website","url":"https:\/\/okapya.com\/","name":"Okapya","description":"Free up your time","publisher":{"@id":"https:\/\/okapya.com\/#organization"},"potentialAction":[{"@type":"SearchAction","target":{"@type":"EntryPoint","urlTemplate":"https:\/\/okapya.com\/?s={search_term_string}"},"query-input":{"@type":"PropertyValueSpecification","valueRequired":true,"valueName":"search_term_string"}}],"inLanguage":"fr-FR"},{"@type":"Organization","@id":"https:\/\/okapya.com\/#organization","name":"Okapya","url":"https:\/\/okapya.com\/","logo":{"@type":"ImageObject","inLanguage":"fr-FR","@id":"https:\/\/okapya.com\/#\/schema\/logo\/image\/","url":"https:\/\/okapya.com\/wp-content\/uploads\/2023\/05\/logo-white-font.svg","contentUrl":"https:\/\/okapya.com\/wp-content\/uploads\/2023\/05\/logo-white-font.svg","width":163.888,"height":45.316,"caption":"Okapya"},"image":{"@id":"https:\/\/okapya.com\/#\/schema\/logo\/image\/"}}]}},"_links":{"self":[{"href":"https:\/\/okapya.com\/fr\/wp-json\/wp\/v2\/pages\/2403","targetHints":{"allow":["GET"]}}],"collection":[{"href":"https:\/\/okapya.com\/fr\/wp-json\/wp\/v2\/pages"}],"about":[{"href":"https:\/\/okapya.com\/fr\/wp-json\/wp\/v2\/types\/page"}],"author":[{"embeddable":true,"href":"https:\/\/okapya.com\/fr\/wp-json\/wp\/v2\/users\/7"}],"replies":[{"embeddable":true,"href":"https:\/\/okapya.com\/fr\/wp-json\/wp\/v2\/comments?post=2403"}],"version-history":[{"count":5,"href":"https:\/\/okapya.com\/fr\/wp-json\/wp\/v2\/pages\/2403\/revisions"}],"predecessor-version":[{"id":2409,"href":"https:\/\/okapya.com\/fr\/wp-json\/wp\/v2\/pages\/2403\/revisions\/2409"}],"wp:attachment":[{"href":"https:\/\/okapya.com\/fr\/wp-json\/wp\/v2\/media?parent=2403"}],"curies":[{"name":"wp","href":"https:\/\/api.w.org\/{rel}","templated":true}]}}