{"id":2368,"date":"2023-05-12T10:18:55","date_gmt":"2023-05-12T14:18:55","guid":{"rendered":"https:\/\/okapya.com\/nos-apps\/"},"modified":"2023-07-13T13:10:39","modified_gmt":"2023-07-13T17:10:39","slug":"nos-apps","status":"publish","type":"page","link":"https:\/\/okapya.com\/fr\/nos-apps\/","title":{"rendered":"Nos Apps"},"content":{"rendered":"\t\t<div data-elementor-type=\"wp-page\" data-elementor-id=\"2368\" class=\"elementor elementor-2368 elementor-179\" data-elementor-post-type=\"page\">\n\t\t\t\t\t\t<section class=\"elementor-section elementor-top-section elementor-element elementor-element-6d50a69 elementor-section-boxed elementor-section-height-default elementor-section-height-default qodef-elementor-content-no\" data-id=\"6d50a69\" data-element_type=\"section\" data-e-type=\"section\" data-settings=\"{&quot;background_background&quot;:&quot;classic&quot;}\">\n\t\t\t\t\t\t<div class=\"elementor-container elementor-column-gap-default\">\n\t\t\t\t\t<div class=\"elementor-column elementor-col-100 elementor-top-column elementor-element elementor-element-45d37c1 qodef-sticky-column--no\" data-id=\"45d37c1\" data-element_type=\"column\" data-e-type=\"column\">\n\t\t\t<div class=\"elementor-widget-wrap elementor-element-populated\">\n\t\t\t\t\t\t<section class=\"elementor-section elementor-inner-section elementor-element elementor-element-9417297 elementor-section-boxed elementor-section-height-default elementor-section-height-default qodef-elementor-content-no\" data-id=\"9417297\" data-element_type=\"section\" data-e-type=\"section\">\n\t\t\t\t\t\t<div class=\"elementor-container elementor-column-gap-default\">\n\t\t\t\t\t<div class=\"elementor-column elementor-col-100 elementor-inner-column elementor-element elementor-element-5525350 qodef-sticky-column--no\" data-id=\"5525350\" data-element_type=\"column\" data-e-type=\"column\">\n\t\t\t<div class=\"elementor-widget-wrap elementor-element-populated\">\n\t\t\t\t\t\t<div class=\"elementor-element elementor-element-f82f4a7 elementor-widget elementor-widget-heading\" data-id=\"f82f4a7\" data-element_type=\"widget\" data-e-type=\"widget\" data-widget_type=\"heading.default\">\n\t\t\t\t<div class=\"elementor-widget-container\">\n\t\t\t\t\t<h1 class=\"elementor-heading-title elementor-size-default\">D\u00e9couvrez Nos Apps<\/h1>\t\t\t\t<\/div>\n\t\t\t\t<\/div>\n\t\t\t\t\t<\/div>\n\t\t<\/div>\n\t\t\t\t\t<\/div>\n\t\t<\/section>\n\t\t\t\t<section class=\"elementor-section elementor-inner-section elementor-element elementor-element-e0c48e9 elementor-section-boxed elementor-section-height-default elementor-section-height-default qodef-elementor-content-no\" data-id=\"e0c48e9\" data-element_type=\"section\" data-e-type=\"section\">\n\t\t\t\t\t\t<div class=\"elementor-container elementor-column-gap-default\">\n\t\t\t\t\t<div class=\"elementor-column elementor-col-100 elementor-inner-column elementor-element elementor-element-c7cf21b qodef-sticky-column--no\" data-id=\"c7cf21b\" data-element_type=\"column\" data-e-type=\"column\">\n\t\t\t<div class=\"elementor-widget-wrap elementor-element-populated\">\n\t\t\t\t\t\t<div class=\"elementor-element elementor-element-6b90f29 elementor-widget elementor-widget-heading\" data-id=\"6b90f29\" data-element_type=\"widget\" data-e-type=\"widget\" data-widget_type=\"heading.default\">\n\t\t\t\t<div class=\"elementor-widget-container\">\n\t\t\t\t\t<h1 class=\"elementor-heading-title elementor-size-default\">Vous aider \u00e0 travailler plus intelligemment<\/h1>\t\t\t\t<\/div>\n\t\t\t\t<\/div>\n\t\t\t\t\t<\/div>\n\t\t<\/div>\n\t\t\t\t\t<\/div>\n\t\t<\/section>\n\t\t\t\t\t<\/div>\n\t\t<\/div>\n\t\t\t\t\t<\/div>\n\t\t<\/section>\n\t\t\t\t<section class=\"elementor-section elementor-top-section elementor-element elementor-element-b8eef51 elementor-section-boxed elementor-section-height-default elementor-section-height-default qodef-elementor-content-no\" data-id=\"b8eef51\" data-element_type=\"section\" data-e-type=\"section\" data-settings=\"{&quot;background_background&quot;:&quot;classic&quot;}\">\n\t\t\t\t\t\t<div class=\"elementor-container elementor-column-gap-default\">\n\t\t\t\t\t<div class=\"elementor-column elementor-col-100 elementor-top-column elementor-element elementor-element-8691bfc qodef-sticky-column--no\" data-id=\"8691bfc\" data-element_type=\"column\" data-e-type=\"column\">\n\t\t\t<div class=\"elementor-widget-wrap elementor-element-populated\">\n\t\t\t\t\t\t<section class=\"elementor-section elementor-inner-section elementor-element elementor-element-7036209 elementor-section-boxed elementor-section-height-default elementor-section-height-default qodef-elementor-content-no\" data-id=\"7036209\" data-element_type=\"section\" data-e-type=\"section\">\n\t\t\t\t\t\t<div class=\"elementor-container elementor-column-gap-default\">\n\t\t\t\t\t<div class=\"elementor-column elementor-col-100 elementor-inner-column elementor-element elementor-element-977994c qodef-sticky-column--no\" data-id=\"977994c\" data-element_type=\"column\" data-e-type=\"column\">\n\t\t\t<div class=\"elementor-widget-wrap elementor-element-populated\">\n\t\t\t\t\t\t<div class=\"elementor-element elementor-element-066b216 elementor-widget elementor-widget-spacer\" data-id=\"066b216\" data-element_type=\"widget\" data-e-type=\"widget\" data-widget_type=\"spacer.default\">\n\t\t\t\t<div class=\"elementor-widget-container\">\n\t\t\t\t\t\t\t<div class=\"elementor-spacer\">\n\t\t\t<div class=\"elementor-spacer-inner\"><\/div>\n\t\t<\/div>\n\t\t\t\t\t\t<\/div>\n\t\t\t\t<\/div>\n\t\t\t\t\t<\/div>\n\t\t<\/div>\n\t\t\t\t\t<\/div>\n\t\t<\/section>\n\t\t\t\t<section class=\"elementor-section elementor-inner-section elementor-element elementor-element-eb66219 elementor-section-boxed elementor-section-height-default elementor-section-height-default qodef-elementor-content-no\" data-id=\"eb66219\" data-element_type=\"section\" data-e-type=\"section\">\n\t\t\t\t\t\t<div class=\"elementor-container elementor-column-gap-default\">\n\t\t\t\t\t<div class=\"elementor-column elementor-col-50 elementor-inner-column elementor-element elementor-element-b0f55eb qodef-sticky-column--no\" data-id=\"b0f55eb\" data-element_type=\"column\" data-e-type=\"column\">\n\t\t\t<div class=\"elementor-widget-wrap elementor-element-populated\">\n\t\t\t\t\t\t<div class=\"elementor-element elementor-element-6a21856 e-transform elementor-widget elementor-widget-image\" data-id=\"6a21856\" data-element_type=\"widget\" data-e-type=\"widget\" data-settings=\"{&quot;_animation&quot;:&quot;none&quot;,&quot;_transform_scale_effect_hover&quot;:{&quot;unit&quot;:&quot;px&quot;,&quot;size&quot;:0.9,&quot;sizes&quot;:[]},&quot;_transform_scale_effect_hover_laptop&quot;:{&quot;unit&quot;:&quot;px&quot;,&quot;size&quot;:&quot;&quot;,&quot;sizes&quot;:[]},&quot;_transform_scale_effect_hover_tablet_extra&quot;:{&quot;unit&quot;:&quot;px&quot;,&quot;size&quot;:&quot;&quot;,&quot;sizes&quot;:[]},&quot;_transform_scale_effect_hover_tablet&quot;:{&quot;unit&quot;:&quot;px&quot;,&quot;size&quot;:&quot;&quot;,&quot;sizes&quot;:[]},&quot;_transform_scale_effect_hover_mobile_extra&quot;:{&quot;unit&quot;:&quot;px&quot;,&quot;size&quot;:&quot;&quot;,&quot;sizes&quot;:[]},&quot;_transform_scale_effect_hover_mobile&quot;:{&quot;unit&quot;:&quot;px&quot;,&quot;size&quot;:&quot;&quot;,&quot;sizes&quot;:[]}}\" data-widget_type=\"image.default\">\n\t\t\t\t<div class=\"elementor-widget-container\">\n\t\t\t\t\t\t\t\t\t\t\t\t\t\t\t\t<a href=\"https:\/\/okapya.com\/fr\/checklist-pour-jira\/\">\n\t\t\t\t\t\t\t<img decoding=\"async\" width=\"163\" height=\"163\" src=\"https:\/\/okapya.com\/wp-content\/uploads\/2023\/05\/Group-37.svg\" class=\"attachment-large size-large wp-image-267\" alt=\"\" \/>\t\t\t\t\t\t\t\t<\/a>\n\t\t\t\t\t\t\t\t\t\t\t\t\t\t\t<\/div>\n\t\t\t\t<\/div>\n\t\t\t\t<div data-gbadge=\"{&quot;text&quot;:&quot;Distribu\\u00e9 par HeroCoders&quot;,&quot;icon&quot;:false}\" class=\"elementor-element elementor-element-035c74b premium-gbadge-yes premium-gbadge-flag premium-gbadge-left elementor-widget elementor-widget-uael-infobox\" data-id=\"035c74b\" data-element_type=\"widget\" data-e-type=\"widget\" data-widget_type=\"uael-infobox.default\">\n\t\t\t\t<div class=\"elementor-widget-container\">\n\t\t\t\t\t\n<div class=\"uael-module-content uael-infobox uael-imgicon-style-normal  infobox-has-icon uael-infobox-icon-above-title  uael-infobox-link-type-button\">\n\t<div class=\"uael-infobox-left-right-wrap\">\n\t\t\t\t\t\t<div class=\"uael-infobox-content\">\n\t\t\t\t\t\t\t<div class=\"uael-module-content uael-imgicon-wrap \">\t\t\t\t\t\t\t\t\t\t\t\n\t\t\t\t\t\t\t\t\t\t\t\t\t\t<\/div>\n\t\t\t\t\t\t\t<div class='uael-infobox-title-wrap'>\t\t\t<div class=\"uael-separator-parent\">\n\t\t\t\t<div class=\"uael-separator\"><\/div>\n\t\t\t<\/div>\n\t\t\t<h2 class=\"uael-infobox-title elementor-inline-editing\" data-elementor-setting-key=\"infobox_title\" data-elementor-inline-editing-toolbar=\"basic\" >Checklist pour Jira<\/h2><\/div>\t\t\t\t\t\t\t\t\t<div class=\"uael-infobox-text-wrap\">\n\t\t\t\t<div class=\"uael-infobox-text elementor-inline-editing\" data-elementor-setting-key=\"infobox_description\" data-elementor-inline-editing-toolbar=\"advanced\">\n\t\t\t\t\tChecklist pour Jira est id\u00e9al pour les listes de t\u00e2ches, l\u2019assurance qualit\u00e9 (QA) ou les processus agiles tels que les D\u00e9finitions de Finis (DoD) ou Crit\u00e8res d'Acceptation (AC). Au revoir les sous-t\u00e2ches!\t\t\t\t<\/div>\n\t\t\t\t\t\n\t\t\t\t\t\t\t<div class=\"uael-button-wrapper elementor-widget-button\">\n\t\t\t\t<a href=\"\/fr\/checklist-pour-jira\/\" class=\"elementor-button-link  elementor-button elementor-size-xl elementor-animation-grow\">\n\t\t\t\t\t\t\t<span class=\"elementor-button-content-wrapper\">\n\t\t\t\t\t\t\t\t\t\t\t\t\t\t\t\t<span class=\"elementor-align-icon-right elementor-button-icon\">\n\t\t\t\t\t\t<svg xmlns=\"http:\/\/www.w3.org\/2000\/svg\" id=\"BTN-MORE-APP_Hover_State_\" data-name=\"BTN-MORE-APP (Hover State)\" width=\"94\" height=\"94\" viewBox=\"0 0 94 94\"><g id=\"Ellipse_9\" data-name=\"Ellipse 9\" fill=\"#fff\" stroke=\"#009b3c\" stroke-width=\"12\"><circle cx=\"47\" cy=\"47\" r=\"47\" stroke=\"none\"><\/circle><circle cx=\"47\" cy=\"47\" r=\"41\" fill=\"none\"><\/circle><\/g><line id=\"Line_7\" data-name=\"Line 7\" x2=\"30\" transform=\"translate(32.5 47.5)\" fill=\"none\" stroke=\"#009b3c\" stroke-width=\"5\"><\/line><line id=\"Line_8\" data-name=\"Line 8\" y1=\"30\" transform=\"translate(47.5 32.5)\" fill=\"none\" stroke=\"#009b3c\" stroke-width=\"5\"><\/line><\/svg>\t\t\t\t\t<\/span>\n\t\t\t\t\t\t\t\n\t\t\t<span class=\"elementor-button-text elementor-inline-editing\"  data-elementor-setting-key=\"infobox_button_text\" data-elementor-inline-editing-toolbar=\"none\"><\/span>\n\t\t<\/span>\n\t\t\t\t\t\t<\/a>\n\t\t\t<\/div>\n\t\t\t\t\t\t<\/div>\n\t\t<\/div>\n\t\t\t<\/div>\n<\/div>\n\t\t\t\t<\/div>\n\t\t\t\t<\/div>\n\t\t\t\t<div class=\"elementor-element elementor-element-93f7c44 elementor-widget elementor-widget-spacer\" data-id=\"93f7c44\" data-element_type=\"widget\" data-e-type=\"widget\" data-widget_type=\"spacer.default\">\n\t\t\t\t<div class=\"elementor-widget-container\">\n\t\t\t\t\t\t\t<div class=\"elementor-spacer\">\n\t\t\t<div class=\"elementor-spacer-inner\"><\/div>\n\t\t<\/div>\n\t\t\t\t\t\t<\/div>\n\t\t\t\t<\/div>\n\t\t\t\t\t<\/div>\n\t\t<\/div>\n\t\t\t\t<div class=\"elementor-column elementor-col-50 elementor-inner-column elementor-element elementor-element-6431b1e qodef-sticky-column--no\" data-id=\"6431b1e\" data-element_type=\"column\" data-e-type=\"column\">\n\t\t\t<div class=\"elementor-widget-wrap elementor-element-populated\">\n\t\t\t\t\t\t<div class=\"elementor-element elementor-element-55162ef e-transform elementor-widget elementor-widget-image\" data-id=\"55162ef\" data-element_type=\"widget\" data-e-type=\"widget\" data-settings=\"{&quot;_animation&quot;:&quot;none&quot;,&quot;_transform_scale_effect_hover&quot;:{&quot;unit&quot;:&quot;px&quot;,&quot;size&quot;:0.9,&quot;sizes&quot;:[]},&quot;_transform_scale_effect_hover_laptop&quot;:{&quot;unit&quot;:&quot;px&quot;,&quot;size&quot;:&quot;&quot;,&quot;sizes&quot;:[]},&quot;_transform_scale_effect_hover_tablet_extra&quot;:{&quot;unit&quot;:&quot;px&quot;,&quot;size&quot;:&quot;&quot;,&quot;sizes&quot;:[]},&quot;_transform_scale_effect_hover_tablet&quot;:{&quot;unit&quot;:&quot;px&quot;,&quot;size&quot;:&quot;&quot;,&quot;sizes&quot;:[]},&quot;_transform_scale_effect_hover_mobile_extra&quot;:{&quot;unit&quot;:&quot;px&quot;,&quot;size&quot;:&quot;&quot;,&quot;sizes&quot;:[]},&quot;_transform_scale_effect_hover_mobile&quot;:{&quot;unit&quot;:&quot;px&quot;,&quot;size&quot;:&quot;&quot;,&quot;sizes&quot;:[]}}\" data-widget_type=\"image.default\">\n\t\t\t\t<div class=\"elementor-widget-container\">\n\t\t\t\t\t\t\t\t\t\t\t\t\t\t\t\t<a href=\"https:\/\/okapya.com\/checklist-for-monday\/\">\n\t\t\t\t\t\t\t<img decoding=\"async\" width=\"163\" height=\"163\" src=\"https:\/\/okapya.com\/wp-content\/uploads\/2023\/05\/Group-51.svg\" class=\"attachment-large size-large wp-image-268\" alt=\"Logo Checklist for monday\" \/>\t\t\t\t\t\t\t\t<\/a>\n\t\t\t\t\t\t\t\t\t\t\t\t\t\t\t<\/div>\n\t\t\t\t<\/div>\n\t\t\t\t<div class=\"elementor-element elementor-element-cb16d27 elementor-widget elementor-widget-uael-infobox\" data-id=\"cb16d27\" data-element_type=\"widget\" data-e-type=\"widget\" data-widget_type=\"uael-infobox.default\">\n\t\t\t\t<div class=\"elementor-widget-container\">\n\t\t\t\t\t\n<div class=\"uael-module-content uael-infobox uael-imgicon-style-normal  infobox-has-icon uael-infobox-icon-above-title  uael-infobox-link-type-button\">\n\t<div class=\"uael-infobox-left-right-wrap\">\n\t\t\t\t\t\t<div class=\"uael-infobox-content\">\n\t\t\t\t\t\t\t<div class=\"uael-module-content uael-imgicon-wrap \">\t\t\t\t\t\t\t\t\t\t\t\n\t\t\t\t\t\t\t\t\t\t\t\t\t\t<\/div>\n\t\t\t\t\t\t\t<div class='uael-infobox-title-wrap'>\t\t\t<div class=\"uael-separator-parent\">\n\t\t\t\t<div class=\"uael-separator\"><\/div>\n\t\t\t<\/div>\n\t\t\t<h2 class=\"uael-infobox-title elementor-inline-editing\" data-elementor-setting-key=\"infobox_title\" data-elementor-inline-editing-toolbar=\"basic\" >Checklist pour monday<\/h2><\/div>\t\t\t\t\t\t\t\t\t<div class=\"uael-infobox-text-wrap\">\n\t\t\t\t<div class=\"uael-infobox-text elementor-inline-editing\" data-elementor-setting-key=\"infobox_description\" data-elementor-inline-editing-toolbar=\"advanced\">\n\t\t\t\t\tChecklist pour monday peut vous aider \u00e0 simplifier votre flux de travail dans monday. Parfait pour les listes de t\u00e2ches, l\u2019assurance qualit\u00e9 (QA) et bien plus!\t\t\t\t<\/div>\n\t\t\t\t\t\n\t\t\t\t\t\t\t<div class=\"uael-button-wrapper elementor-widget-button\">\n\t\t\t\t<a href=\"\/fr\/checklist-pour-monday\" class=\"elementor-button-link  elementor-button elementor-size-xl elementor-animation-grow\">\n\t\t\t\t\t\t\t<span class=\"elementor-button-content-wrapper\">\n\t\t\t\t\t\t\t\t\t\t\t\t\t\t\t\t<span class=\"elementor-align-icon-right elementor-button-icon\">\n\t\t\t\t\t\t<svg xmlns=\"http:\/\/www.w3.org\/2000\/svg\" id=\"BTN-MORE-APP_Hover_State_\" data-name=\"BTN-MORE-APP (Hover State)\" width=\"94\" height=\"94\" viewBox=\"0 0 94 94\"><g id=\"Ellipse_9\" data-name=\"Ellipse 9\" fill=\"#fff\" stroke=\"#009b3c\" stroke-width=\"12\"><circle cx=\"47\" cy=\"47\" r=\"47\" stroke=\"none\"><\/circle><circle cx=\"47\" cy=\"47\" r=\"41\" fill=\"none\"><\/circle><\/g><line id=\"Line_7\" data-name=\"Line 7\" x2=\"30\" transform=\"translate(32.5 47.5)\" fill=\"none\" stroke=\"#009b3c\" stroke-width=\"5\"><\/line><line id=\"Line_8\" data-name=\"Line 8\" y1=\"30\" transform=\"translate(47.5 32.5)\" fill=\"none\" stroke=\"#009b3c\" stroke-width=\"5\"><\/line><\/svg>\t\t\t\t\t<\/span>\n\t\t\t\t\t\t\t\n\t\t\t<span class=\"elementor-button-text elementor-inline-editing\"  data-elementor-setting-key=\"infobox_button_text\" data-elementor-inline-editing-toolbar=\"none\"><\/span>\n\t\t<\/span>\n\t\t\t\t\t\t<\/a>\n\t\t\t<\/div>\n\t\t\t\t\t\t<\/div>\n\t\t<\/div>\n\t\t\t<\/div>\n<\/div>\n\t\t\t\t<\/div>\n\t\t\t\t<\/div>\n\t\t\t\t\t<\/div>\n\t\t<\/div>\n\t\t\t\t\t<\/div>\n\t\t<\/section>\n\t\t\t\t\t<\/div>\n\t\t<\/div>\n\t\t\t\t\t<\/div>\n\t\t<\/section>\n\t\t\t\t<\/div>\n\t\t","protected":false},"excerpt":{"rendered":"<p>D\u00e9couvrez Nos Apps Vous aider \u00e0 travailler plus intelligemment Checklist pour Jira Checklist pour Jira est id\u00e9al pour les listes de t\u00e2ches, l\u2019assurance qualit\u00e9 (QA) ou les processus agiles tels que les D\u00e9finitions de Finis (DoD) ou Crit\u00e8res d&rsquo;Acceptation (AC). Au revoir les sous-t\u00e2ches! Checklist pour monday Checklist pour monday peut vous aider \u00e0 simplifier [&hellip;]<\/p>\n","protected":false},"author":1,"featured_media":0,"parent":0,"menu_order":0,"comment_status":"closed","ping_status":"closed","template":"","meta":{"content-type":"","footnotes":""},"class_list":["post-2368","page","type-page","status-publish","hentry"],"yoast_head":"<!-- This site is optimized with the Yoast SEO plugin v27.4 - https:\/\/yoast.com\/product\/yoast-seo-wordpress\/ -->\n<title>Nos Apps - Okapya<\/title>\n<meta name=\"robots\" content=\"index, follow, max-snippet:-1, max-image-preview:large, max-video-preview:-1\" \/>\n<link rel=\"canonical\" href=\"https:\/\/okapya.com\/fr\/nos-apps\/\" \/>\n<meta property=\"og:locale\" content=\"fr_FR\" \/>\n<meta property=\"og:type\" content=\"article\" \/>\n<meta property=\"og:title\" content=\"Nos Apps - Okapya\" \/>\n<meta property=\"og:description\" content=\"D\u00e9couvrez Nos Apps Vous aider \u00e0 travailler plus intelligemment Checklist pour Jira Checklist pour Jira est id\u00e9al pour les listes de t\u00e2ches, l\u2019assurance qualit\u00e9 (QA) ou les processus agiles tels que les D\u00e9finitions de Finis (DoD) ou Crit\u00e8res d&rsquo;Acceptation (AC). Au revoir les sous-t\u00e2ches! Checklist pour monday Checklist pour monday peut vous aider \u00e0 simplifier [&hellip;]\" \/>\n<meta property=\"og:url\" content=\"https:\/\/okapya.com\/fr\/nos-apps\/\" \/>\n<meta property=\"og:site_name\" content=\"Okapya\" \/>\n<meta property=\"article:modified_time\" content=\"2023-07-13T17:10:39+00:00\" \/>\n<meta property=\"og:image\" content=\"https:\/\/okapya.com\/wp-content\/uploads\/2023\/05\/Group-37.svg\" \/>\n<meta name=\"twitter:card\" content=\"summary_large_image\" \/>\n<meta name=\"twitter:label1\" content=\"Dur\u00e9e de lecture estim\u00e9e\" \/>\n\t<meta name=\"twitter:data1\" content=\"1 minute\" \/>\n<script type=\"application\/ld+json\" class=\"yoast-schema-graph\">{\"@context\":\"https:\\\/\\\/schema.org\",\"@graph\":[{\"@type\":\"WebPage\",\"@id\":\"https:\\\/\\\/okapya.com\\\/fr\\\/nos-apps\\\/\",\"url\":\"https:\\\/\\\/okapya.com\\\/fr\\\/nos-apps\\\/\",\"name\":\"Nos Apps - Okapya\",\"isPartOf\":{\"@id\":\"https:\\\/\\\/okapya.com\\\/#website\"},\"primaryImageOfPage\":{\"@id\":\"https:\\\/\\\/okapya.com\\\/fr\\\/nos-apps\\\/#primaryimage\"},\"image\":{\"@id\":\"https:\\\/\\\/okapya.com\\\/fr\\\/nos-apps\\\/#primaryimage\"},\"thumbnailUrl\":\"https:\\\/\\\/okapya.com\\\/wp-content\\\/uploads\\\/2023\\\/05\\\/Group-37.svg\",\"datePublished\":\"2023-05-12T14:18:55+00:00\",\"dateModified\":\"2023-07-13T17:10:39+00:00\",\"breadcrumb\":{\"@id\":\"https:\\\/\\\/okapya.com\\\/fr\\\/nos-apps\\\/#breadcrumb\"},\"inLanguage\":\"fr-FR\",\"potentialAction\":[{\"@type\":\"ReadAction\",\"target\":[\"https:\\\/\\\/okapya.com\\\/fr\\\/nos-apps\\\/\"]}]},{\"@type\":\"ImageObject\",\"inLanguage\":\"fr-FR\",\"@id\":\"https:\\\/\\\/okapya.com\\\/fr\\\/nos-apps\\\/#primaryimage\",\"url\":\"https:\\\/\\\/okapya.com\\\/wp-content\\\/uploads\\\/2023\\\/05\\\/Group-37.svg\",\"contentUrl\":\"https:\\\/\\\/okapya.com\\\/wp-content\\\/uploads\\\/2023\\\/05\\\/Group-37.svg\"},{\"@type\":\"BreadcrumbList\",\"@id\":\"https:\\\/\\\/okapya.com\\\/fr\\\/nos-apps\\\/#breadcrumb\",\"itemListElement\":[{\"@type\":\"ListItem\",\"position\":1,\"name\":\"Home\",\"item\":\"https:\\\/\\\/okapya.com\\\/fr\\\/\"},{\"@type\":\"ListItem\",\"position\":2,\"name\":\"Nos Apps\"}]},{\"@type\":\"WebSite\",\"@id\":\"https:\\\/\\\/okapya.com\\\/#website\",\"url\":\"https:\\\/\\\/okapya.com\\\/\",\"name\":\"Okapya\",\"description\":\"Free up your time\",\"publisher\":{\"@id\":\"https:\\\/\\\/okapya.com\\\/#organization\"},\"potentialAction\":[{\"@type\":\"SearchAction\",\"target\":{\"@type\":\"EntryPoint\",\"urlTemplate\":\"https:\\\/\\\/okapya.com\\\/?s={search_term_string}\"},\"query-input\":{\"@type\":\"PropertyValueSpecification\",\"valueRequired\":true,\"valueName\":\"search_term_string\"}}],\"inLanguage\":\"fr-FR\"},{\"@type\":\"Organization\",\"@id\":\"https:\\\/\\\/okapya.com\\\/#organization\",\"name\":\"Okapya\",\"url\":\"https:\\\/\\\/okapya.com\\\/\",\"logo\":{\"@type\":\"ImageObject\",\"inLanguage\":\"fr-FR\",\"@id\":\"https:\\\/\\\/okapya.com\\\/#\\\/schema\\\/logo\\\/image\\\/\",\"url\":\"https:\\\/\\\/okapya.com\\\/wp-content\\\/uploads\\\/2023\\\/05\\\/logo-white-font.svg\",\"contentUrl\":\"https:\\\/\\\/okapya.com\\\/wp-content\\\/uploads\\\/2023\\\/05\\\/logo-white-font.svg\",\"width\":163.888,\"height\":45.316,\"caption\":\"Okapya\"},\"image\":{\"@id\":\"https:\\\/\\\/okapya.com\\\/#\\\/schema\\\/logo\\\/image\\\/\"}}]}<\/script>\n<!-- \/ Yoast SEO plugin. -->","yoast_head_json":{"title":"Nos Apps - Okapya","robots":{"index":"index","follow":"follow","max-snippet":"max-snippet:-1","max-image-preview":"max-image-preview:large","max-video-preview":"max-video-preview:-1"},"canonical":"https:\/\/okapya.com\/fr\/nos-apps\/","og_locale":"fr_FR","og_type":"article","og_title":"Nos Apps - Okapya","og_description":"D\u00e9couvrez Nos Apps Vous aider \u00e0 travailler plus intelligemment Checklist pour Jira Checklist pour Jira est id\u00e9al pour les listes de t\u00e2ches, l\u2019assurance qualit\u00e9 (QA) ou les processus agiles tels que les D\u00e9finitions de Finis (DoD) ou Crit\u00e8res d&rsquo;Acceptation (AC). Au revoir les sous-t\u00e2ches! Checklist pour monday Checklist pour monday peut vous aider \u00e0 simplifier [&hellip;]","og_url":"https:\/\/okapya.com\/fr\/nos-apps\/","og_site_name":"Okapya","article_modified_time":"2023-07-13T17:10:39+00:00","og_image":[{"url":"https:\/\/okapya.com\/wp-content\/uploads\/2023\/05\/Group-37.svg","type":"","width":"","height":""}],"twitter_card":"summary_large_image","twitter_misc":{"Dur\u00e9e de lecture estim\u00e9e":"1 minute"},"schema":{"@context":"https:\/\/schema.org","@graph":[{"@type":"WebPage","@id":"https:\/\/okapya.com\/fr\/nos-apps\/","url":"https:\/\/okapya.com\/fr\/nos-apps\/","name":"Nos Apps - Okapya","isPartOf":{"@id":"https:\/\/okapya.com\/#website"},"primaryImageOfPage":{"@id":"https:\/\/okapya.com\/fr\/nos-apps\/#primaryimage"},"image":{"@id":"https:\/\/okapya.com\/fr\/nos-apps\/#primaryimage"},"thumbnailUrl":"https:\/\/okapya.com\/wp-content\/uploads\/2023\/05\/Group-37.svg","datePublished":"2023-05-12T14:18:55+00:00","dateModified":"2023-07-13T17:10:39+00:00","breadcrumb":{"@id":"https:\/\/okapya.com\/fr\/nos-apps\/#breadcrumb"},"inLanguage":"fr-FR","potentialAction":[{"@type":"ReadAction","target":["https:\/\/okapya.com\/fr\/nos-apps\/"]}]},{"@type":"ImageObject","inLanguage":"fr-FR","@id":"https:\/\/okapya.com\/fr\/nos-apps\/#primaryimage","url":"https:\/\/okapya.com\/wp-content\/uploads\/2023\/05\/Group-37.svg","contentUrl":"https:\/\/okapya.com\/wp-content\/uploads\/2023\/05\/Group-37.svg"},{"@type":"BreadcrumbList","@id":"https:\/\/okapya.com\/fr\/nos-apps\/#breadcrumb","itemListElement":[{"@type":"ListItem","position":1,"name":"Home","item":"https:\/\/okapya.com\/fr\/"},{"@type":"ListItem","position":2,"name":"Nos Apps"}]},{"@type":"WebSite","@id":"https:\/\/okapya.com\/#website","url":"https:\/\/okapya.com\/","name":"Okapya","description":"Free up your time","publisher":{"@id":"https:\/\/okapya.com\/#organization"},"potentialAction":[{"@type":"SearchAction","target":{"@type":"EntryPoint","urlTemplate":"https:\/\/okapya.com\/?s={search_term_string}"},"query-input":{"@type":"PropertyValueSpecification","valueRequired":true,"valueName":"search_term_string"}}],"inLanguage":"fr-FR"},{"@type":"Organization","@id":"https:\/\/okapya.com\/#organization","name":"Okapya","url":"https:\/\/okapya.com\/","logo":{"@type":"ImageObject","inLanguage":"fr-FR","@id":"https:\/\/okapya.com\/#\/schema\/logo\/image\/","url":"https:\/\/okapya.com\/wp-content\/uploads\/2023\/05\/logo-white-font.svg","contentUrl":"https:\/\/okapya.com\/wp-content\/uploads\/2023\/05\/logo-white-font.svg","width":163.888,"height":45.316,"caption":"Okapya"},"image":{"@id":"https:\/\/okapya.com\/#\/schema\/logo\/image\/"}}]}},"_links":{"self":[{"href":"https:\/\/okapya.com\/fr\/wp-json\/wp\/v2\/pages\/2368","targetHints":{"allow":["GET"]}}],"collection":[{"href":"https:\/\/okapya.com\/fr\/wp-json\/wp\/v2\/pages"}],"about":[{"href":"https:\/\/okapya.com\/fr\/wp-json\/wp\/v2\/types\/page"}],"author":[{"embeddable":true,"href":"https:\/\/okapya.com\/fr\/wp-json\/wp\/v2\/users\/1"}],"replies":[{"embeddable":true,"href":"https:\/\/okapya.com\/fr\/wp-json\/wp\/v2\/comments?post=2368"}],"version-history":[{"count":4,"href":"https:\/\/okapya.com\/fr\/wp-json\/wp\/v2\/pages\/2368\/revisions"}],"predecessor-version":[{"id":2372,"href":"https:\/\/okapya.com\/fr\/wp-json\/wp\/v2\/pages\/2368\/revisions\/2372"}],"wp:attachment":[{"href":"https:\/\/okapya.com\/fr\/wp-json\/wp\/v2\/media?parent=2368"}],"curies":[{"name":"wp","href":"https:\/\/api.w.org\/{rel}","templated":true}]}}